{"id":3566,"date":"2021-12-08T14:24:14","date_gmt":"2021-12-08T11:24:14","guid":{"rendered":"http:\/\/askonmakina.com.tr\/?page_id=3566"},"modified":"2024-01-31T16:21:08","modified_gmt":"2024-01-31T13:21:08","slug":"transfer-printing-press-machines","status":"publish","type":"page","link":"https:\/\/askonmakina.com.tr\/fr\/transfer-printing-press-machines\/","title":{"rendered":"TRANSFER PRINTING PRESS MACHINES"},"content":{"rendered":"<div id='av_section_1'  class='avia-section av-2331um-18f89b065ed9b9e2fa0cbedcf7b2e331 main_color avia-section-default avia-no-border-styling  avia-builder-el-0  avia-builder-el-no-sibling  avia-bg-style-scroll  container_wrap fullsize'  ><div class='container av-section-cont-open' ><main  role=\"main\" itemprop=\"mainContentOfPage\"  class='template-page content  av-content-full alpha units'><div class='post-entry post-entry-type-page post-entry-3566'><div class='entry-content-wrapper clearfix'>\n<div class='flex_column av-29zgr2-c966797884bbb73e9d323e9c190edc53 av_one_full  avia-builder-el-1  avia-builder-el-no-sibling  first flex_column_div '   ><p>\n<style type=\"text\/css\" data-created_by=\"avia_inline_auto\" id=\"style-css-av-kwxhelhl-7814402555c9fa97f3d809e59f59b574\">\n#top .av-special-heading.av-kwxhelhl-7814402555c9fa97f3d809e59f59b574{\npadding-bottom:10px;\n}\n.av-special-heading.av-kwxhelhl-7814402555c9fa97f3d809e59f59b574 .av-special-heading-tag{\npadding:18px 0 0 0;\n}\n<\/style>\n<div  class='av-special-heading av-kwxhelhl-7814402555c9fa97f3d809e59f59b574 av-special-heading-h2 blockquote elegant-quote elegant-centered  avia-builder-el-2  el_before_av_portfolio  avia-builder-el-no-sibling  '><h2 class='av-special-heading-tag '  itemprop=\"headline\"  ><span class=\"heading-wrap\"><span class=\"bt_bb_headline_superheadline\">TRANSFER PRINTING PRESS MACHINES<\/span><\/h2><div class='special-heading-border'><div class='special-heading-inner-border'><\/div><\/div><\/div><\/span><\/p>\n<div  id=\"av-sc-portfolio-1\"  class=\"av-portfolio-grid-sorting-container\"><div class='sort_width_container  av-sort-yes' data-portfolio-id='1' ><div id='js_sort_items' ><div class='sort_by_cat hidden'><a href=\"#\" data-filter=\"all_sort\" class=\"all_sort_button active_sort\"><span class=\"inner_sort_button\"><span>T\u00fcm\u00fc<\/span><small class=\"av-cat-count\"> 7 <\/small><\/span><\/a><span class='text-sep transfer-baski-presi_sort_sep'>\/<\/span><a href=\"#\" data-filter=\"transfer-baski-presi_sort\" class=\"transfer-baski-presi_sort_button\" ><span class=\"inner_sort_button\"><span>Transfer Bask\u0131 Presi<\/span><small class='av-cat-count'> 7 <\/small><\/span><\/a><\/div><\/div><\/div><div  class=' grid-sort-container isotope   no_margin-container with-title-container grid-total-odd grid-col-4 grid-links-' data-portfolio-id='1'><div data-ajax-id='3558' class=' grid-entry flex_column isotope-item all_sort no_margin post-entry post-entry-3558 grid-entry-overview grid-loop-1 grid-parity-odd  transfer-baski-presi_sort  av_one_fourth first default_av_fullwidth '><article class='main_color inner-entry'  itemscope=\"itemscope\" itemtype=\"https:\/\/schema.org\/CreativeWork\" ><a href=\"https:\/\/askonmakina.com.tr\/fr\/portfolio-item\/transfert-a-double-plateau-20x20-presse-typographique\/\" title='Transfert \u00e0 double plateau 20&#215;20 Presse (typographique)'  data-rel='grid-1' class='grid-image avia-hover-fx'> <img decoding=\"async\" width=\"708\" height=\"684\" src=\"https:\/\/askonmakina.com.tr\/fr\/wp-content\/uploads\/2021\/12\/20x20-708x684.jpg\" class=\"wp-image-4367 avia-img-lazy-loading-not-4367 attachment-gallery size-gallery wp-post-image\" alt=\"\" srcset=\"https:\/\/askonmakina.com.tr\/fr\/wp-content\/uploads\/2021\/12\/20x20-708x684.jpg 708w, https:\/\/askonmakina.com.tr\/fr\/wp-content\/uploads\/2021\/12\/20x20-36x36.jpg 36w\" sizes=\"(max-width: 708px) 100vw, 708px\" \/><\/a><div class='grid-content'><div class='avia-arrow'><\/div><header class=\"entry-content-header\"><h3 class='grid-entry-title entry-title '  itemprop=\"headline\" ><a href='https:\/\/askonmakina.com.tr\/fr\/portfolio-item\/transfert-a-double-plateau-20x20-presse-typographique\/' title='Transfert \u00e0 double plateau 20&#215;20 Presse (typographique)'>Transfert \u00e0 double plateau 20&#215;20 Presse (typographique)<\/a><\/h3><\/header><\/div><footer class=\"entry-footer\"><\/footer><\/article><\/div><div data-ajax-id='4230' class=' grid-entry flex_column isotope-item all_sort no_margin post-entry post-entry-4230 grid-entry-overview grid-loop-2 grid-parity-even  transfer-baski-presi_sort  av_one_fourth  default_av_fullwidth '><article class='main_color inner-entry'  itemscope=\"itemscope\" itemtype=\"https:\/\/schema.org\/CreativeWork\" ><a href=\"https:\/\/askonmakina.com.tr\/fr\/portfolio-item\/presse-a-transfert-de-sublimation\/\" title='Presse \u00e0 transfert de sublimation (TBP- SB100)'  data-rel='grid-1' class='grid-image avia-hover-fx'> <img decoding=\"async\" width=\"709\" height=\"684\" src=\"https:\/\/askonmakina.com.tr\/fr\/wp-content\/uploads\/2022\/03\/sublime-baski-709x684.jpg\" class=\"wp-image-4362 avia-img-lazy-loading-not-4362 attachment-gallery size-gallery wp-post-image\" alt=\"\" srcset=\"https:\/\/askonmakina.com.tr\/fr\/wp-content\/uploads\/2022\/03\/sublime-baski-709x684.jpg 709w, https:\/\/askonmakina.com.tr\/fr\/wp-content\/uploads\/2022\/03\/sublime-baski-36x36.jpg 36w\" sizes=\"(max-width: 709px) 100vw, 709px\" \/><\/a><div class='grid-content'><div class='avia-arrow'><\/div><header class=\"entry-content-header\"><h3 class='grid-entry-title entry-title '  itemprop=\"headline\" ><a href='https:\/\/askonmakina.com.tr\/fr\/portfolio-item\/presse-a-transfert-de-sublimation\/' title='Presse \u00e0 transfert de sublimation (TBP- SB100)'>Presse \u00e0 transfert de sublimation (TBP- SB100)<\/a><\/h3><\/header><\/div><footer class=\"entry-footer\"><\/footer><\/article><\/div><div data-ajax-id='4172' class=' grid-entry flex_column isotope-item all_sort no_margin post-entry post-entry-4172 grid-entry-overview grid-loop-3 grid-parity-odd  transfer-baski-presi_sort  av_one_fourth  default_av_fullwidth '><article class='main_color inner-entry'  itemscope=\"itemscope\" itemtype=\"https:\/\/schema.org\/CreativeWork\" ><a href=\"https:\/\/askonmakina.com.tr\/fr\/portfolio-item\/presse-a-transfert-a-table-unique-20x20-tbp-t20x20\/\" title='Presse \u00e0 transfert \u00e0 table unique 20&#215;20  (TBP- T20X20)'  data-rel='grid-1' class='grid-image avia-hover-fx'> <img decoding=\"async\" width=\"708\" height=\"684\" src=\"https:\/\/askonmakina.com.tr\/fr\/wp-content\/uploads\/2022\/03\/20x20-tek-kafa-708x684.jpg\" class=\"wp-image-4356 avia-img-lazy-loading-not-4356 attachment-gallery size-gallery wp-post-image\" alt=\"\" srcset=\"https:\/\/askonmakina.com.tr\/fr\/wp-content\/uploads\/2022\/03\/20x20-tek-kafa-708x684.jpg 708w, https:\/\/askonmakina.com.tr\/fr\/wp-content\/uploads\/2022\/03\/20x20-tek-kafa-36x36.jpg 36w\" sizes=\"(max-width: 708px) 100vw, 708px\" \/><\/a><div class='grid-content'><div class='avia-arrow'><\/div><header class=\"entry-content-header\"><h3 class='grid-entry-title entry-title '  itemprop=\"headline\" ><a href='https:\/\/askonmakina.com.tr\/fr\/portfolio-item\/presse-a-transfert-a-table-unique-20x20-tbp-t20x20\/' title='Presse \u00e0 transfert \u00e0 table unique 20&#215;20  (TBP- T20X20)'>Presse \u00e0 transfert \u00e0 table unique 20&#215;20  (TBP- T20X20)<\/a><\/h3><\/header><\/div><footer class=\"entry-footer\"><\/footer><\/article><\/div><div data-ajax-id='4223' class=' grid-entry flex_column isotope-item all_sort no_margin post-entry post-entry-4223 grid-entry-overview grid-loop-4 grid-parity-even  transfer-baski-presi_sort  av_one_fourth  default_av_fullwidth '><article class='main_color inner-entry'  itemscope=\"itemscope\" itemtype=\"https:\/\/schema.org\/CreativeWork\" ><a href=\"https:\/\/askonmakina.com.tr\/fr\/portfolio-item\/impression-par-transfert-manuelle-35x46-presse-tbp-m3546\/\" title='Impression par transfert manuelle 35&#215;46 Presse  (TBP- M3546)'  data-rel='grid-1' class='grid-image avia-hover-fx'> <img decoding=\"async\" width=\"708\" height=\"684\" src=\"https:\/\/askonmakina.com.tr\/fr\/wp-content\/uploads\/2022\/03\/36x45-manuel-pres-708x684.jpg\" class=\"wp-image-4359 avia-img-lazy-loading-not-4359 attachment-gallery size-gallery wp-post-image\" alt=\"\" srcset=\"https:\/\/askonmakina.com.tr\/fr\/wp-content\/uploads\/2022\/03\/36x45-manuel-pres-708x684.jpg 708w, https:\/\/askonmakina.com.tr\/fr\/wp-content\/uploads\/2022\/03\/36x45-manuel-pres-36x36.jpg 36w\" sizes=\"(max-width: 708px) 100vw, 708px\" \/><\/a><div class='grid-content'><div class='avia-arrow'><\/div><header class=\"entry-content-header\"><h3 class='grid-entry-title entry-title '  itemprop=\"headline\" ><a href='https:\/\/askonmakina.com.tr\/fr\/portfolio-item\/impression-par-transfert-manuelle-35x46-presse-tbp-m3546\/' title='Impression par transfert manuelle 35&#215;46 Presse  (TBP- M3546)'>Impression par transfert manuelle 35&#215;46 Presse  (TBP- M3546)<\/a><\/h3><\/header><\/div><footer class=\"entry-footer\"><\/footer><\/article><\/div><div data-ajax-id='4217' class=' grid-entry flex_column isotope-item all_sort no_margin post-entry post-entry-4217 grid-entry-overview grid-loop-5 grid-parity-odd  transfer-baski-presi_sort  av_one_fourth first default_av_fullwidth '><article class='main_color inner-entry'  itemscope=\"itemscope\" itemtype=\"https:\/\/schema.org\/CreativeWork\" ><a href=\"https:\/\/askonmakina.com.tr\/fr\/portfolio-item\/40x50-table-unique-prestup-t40x50\/\" title='40\u00d750 TABLE UNIQUE PRES(TUP- T40x50)'  data-rel='grid-1' class='grid-image avia-hover-fx'> <img decoding=\"async\" width=\"709\" height=\"684\" src=\"https:\/\/askonmakina.com.tr\/fr\/wp-content\/uploads\/2022\/03\/40x50-tek-kafa-709x684.jpg\" class=\"wp-image-4353 avia-img-lazy-loading-not-4353 attachment-gallery size-gallery wp-post-image\" alt=\"\" srcset=\"https:\/\/askonmakina.com.tr\/fr\/wp-content\/uploads\/2022\/03\/40x50-tek-kafa-709x684.jpg 709w, https:\/\/askonmakina.com.tr\/fr\/wp-content\/uploads\/2022\/03\/40x50-tek-kafa-36x36.jpg 36w\" sizes=\"(max-width: 709px) 100vw, 709px\" \/><\/a><div class='grid-content'><div class='avia-arrow'><\/div><header class=\"entry-content-header\"><h3 class='grid-entry-title entry-title '  itemprop=\"headline\" ><a href='https:\/\/askonmakina.com.tr\/fr\/portfolio-item\/40x50-table-unique-prestup-t40x50\/' title='40\u00d750 TABLE UNIQUE PRES(TUP- T40x50)'>40\u00d750 TABLE UNIQUE PRES(TUP- T40x50)<\/a><\/h3><\/header><\/div><footer class=\"entry-footer\"><\/footer><\/article><\/div><div data-ajax-id='4202' class=' grid-entry flex_column isotope-item all_sort no_margin post-entry post-entry-4202 grid-entry-overview grid-loop-6 grid-parity-even  transfer-baski-presi_sort  av_one_fourth  default_av_fullwidth '><article class='main_color inner-entry'  itemscope=\"itemscope\" itemtype=\"https:\/\/schema.org\/CreativeWork\" ><a href=\"https:\/\/askonmakina.com.tr\/fr\/portfolio-item\/40x50-table-double-presse-tdp-40x50eko\/\" title='40&#215;50 TABLE DOUBLE PRESSE (TDP- 40x50EKO)'  data-rel='grid-1' class='grid-image avia-hover-fx'> <img decoding=\"async\" width=\"708\" height=\"684\" src=\"https:\/\/askonmakina.com.tr\/fr\/wp-content\/uploads\/2022\/03\/40x50-1-708x684.jpg\" class=\"wp-image-4343 avia-img-lazy-loading-not-4343 attachment-gallery size-gallery wp-post-image\" alt=\"\" srcset=\"https:\/\/askonmakina.com.tr\/fr\/wp-content\/uploads\/2022\/03\/40x50-1-708x684.jpg 708w, https:\/\/askonmakina.com.tr\/fr\/wp-content\/uploads\/2022\/03\/40x50-1-36x36.jpg 36w\" sizes=\"(max-width: 708px) 100vw, 708px\" \/><\/a><div class='grid-content'><div class='avia-arrow'><\/div><header class=\"entry-content-header\"><h3 class='grid-entry-title entry-title '  itemprop=\"headline\" ><a href='https:\/\/askonmakina.com.tr\/fr\/portfolio-item\/40x50-table-double-presse-tdp-40x50eko\/' title='40&#215;50 TABLE DOUBLE PRESSE (TDP- 40x50EKO)'>40&#215;50 TABLE DOUBLE PRESSE (TDP- 40x50EKO)<\/a><\/h3><\/header><\/div><footer class=\"entry-footer\"><\/footer><\/article><\/div><div data-ajax-id='4193' class=' grid-entry flex_column isotope-item all_sort no_margin post-entry post-entry-4193 grid-entry-overview grid-loop-7 grid-parity-odd  post-entry-last  transfer-baski-presi_sort  av_one_fourth  default_av_fullwidth '><article class='main_color inner-entry'  itemscope=\"itemscope\" itemtype=\"https:\/\/schema.org\/CreativeWork\" ><a href=\"https:\/\/askonmakina.com.tr\/fr\/portfolio-item\/23x33-table-double-presse-tdp-23x33-eko\/\" title='23\u00d733 TABLE DOUBLE PRESSE (TDP- 23X33 EKO)'  data-rel='grid-1' class='grid-image avia-hover-fx'> <img decoding=\"async\" width=\"709\" height=\"684\" src=\"https:\/\/askonmakina.com.tr\/fr\/wp-content\/uploads\/2022\/03\/23x33-709x684.jpg\" class=\"wp-image-4350 avia-img-lazy-loading-not-4350 attachment-gallery size-gallery wp-post-image\" alt=\"\" srcset=\"https:\/\/askonmakina.com.tr\/fr\/wp-content\/uploads\/2022\/03\/23x33-709x684.jpg 709w, https:\/\/askonmakina.com.tr\/fr\/wp-content\/uploads\/2022\/03\/23x33-36x36.jpg 36w\" sizes=\"(max-width: 709px) 100vw, 709px\" \/><\/a><div class='grid-content'><div class='avia-arrow'><\/div><header class=\"entry-content-header\"><h3 class='grid-entry-title entry-title '  itemprop=\"headline\" ><a href='https:\/\/askonmakina.com.tr\/fr\/portfolio-item\/23x33-table-double-presse-tdp-23x33-eko\/' title='23\u00d733 TABLE DOUBLE PRESSE (TDP- 23X33 EKO)'>23\u00d733 TABLE DOUBLE PRESSE (TDP- 23X33 EKO)<\/a><\/h3><\/header><\/div><footer class=\"entry-footer\"><\/footer><\/article><\/div><\/div><\/div>   <!--   class=\"av-portfolio-grid-sorting-container\"  --><\/div>\n","protected":false},"excerpt":{"rendered":"","protected":false},"author":1,"featured_media":0,"parent":0,"menu_order":0,"comment_status":"closed","ping_status":"closed","template":"","meta":{"footnotes":""},"class_list":["post-3566","page","type-page","status-publish","hentry"],"_links":{"self":[{"href":"https:\/\/askonmakina.com.tr\/fr\/wp-json\/wp\/v2\/pages\/3566","targetHints":{"allow":["GET"]}}],"collection":[{"href":"https:\/\/askonmakina.com.tr\/fr\/wp-json\/wp\/v2\/pages"}],"about":[{"href":"https:\/\/askonmakina.com.tr\/fr\/wp-json\/wp\/v2\/types\/page"}],"author":[{"embeddable":true,"href":"https:\/\/askonmakina.com.tr\/fr\/wp-json\/wp\/v2\/users\/1"}],"replies":[{"embeddable":true,"href":"https:\/\/askonmakina.com.tr\/fr\/wp-json\/wp\/v2\/comments?post=3566"}],"version-history":[{"count":24,"href":"https:\/\/askonmakina.com.tr\/fr\/wp-json\/wp\/v2\/pages\/3566\/revisions"}],"predecessor-version":[{"id":4600,"href":"https:\/\/askonmakina.com.tr\/fr\/wp-json\/wp\/v2\/pages\/3566\/revisions\/4600"}],"wp:attachment":[{"href":"https:\/\/askonmakina.com.tr\/fr\/wp-json\/wp\/v2\/media?parent=3566"}],"curies":[{"name":"wp","href":"https:\/\/api.w.org\/{rel}","templated":true}]}}