{"id":3663,"date":"2021-12-09T10:07:12","date_gmt":"2021-12-09T07:07:12","guid":{"rendered":"http:\/\/askonmakina.com.tr\/?page_id=3663"},"modified":"2024-02-22T09:09:21","modified_gmt":"2024-02-22T06:09:21","slug":"communication","status":"publish","type":"page","link":"https:\/\/askonmakina.com.tr\/fr\/communication\/","title":{"rendered":"COMMUNICATION"},"content":{"rendered":"<div  class='av_gmaps_sc_main_wrap av_gmaps_main_wrap '><div id='av_gmap_0' class='avia-google-map-container avia-google-map-sc av_gmaps_show_unconditionally av-no-fallback-img ' data-mapid='av_gmap_0'  style='height: 700px;'><a class=\"av_gmaps_browser_disabled av_text_confirm_link av_text_confirm_link_visible\" href=\"https:\/\/www.google.com\/maps\/search\/?api=1&#038;query=Askon%20Makina\" target=\"_blank\" rel=\"noopener\">Maps were disabled by the visitor on this site. Click to open the map in a new window.<\/a><\/div><\/div>\n\n<style type=\"text\/css\" data-created_by=\"avia_inline_auto\" id=\"style-css-av-p97k5r-b139acfb39cecc7ce8e129dfad194a3f\">\n.avia-section.av-p97k5r-b139acfb39cecc7ce8e129dfad194a3f{\nbackground-color:#013989;\n}\n<\/style>\n<div id='av_section_1'  class='avia-section av-p97k5r-b139acfb39cecc7ce8e129dfad194a3f main_color avia-section-default avia-no-border-styling  avia-builder-el-1  el_after_av_google_map  avia-builder-el-last  avia-bg-style-scroll  av-minimum-height av-minimum-height-50  container_wrap fullsize'   data-av_minimum_height_pc='50'><div class='container av-section-cont-open' ><div class='template-page content  av-content-full alpha units'><div class='post-entry post-entry-type-page post-entry-3663'><div class='entry-content-wrapper clearfix'>\n\n<style type=\"text\/css\" data-created_by=\"avia_inline_auto\" id=\"style-css-av-oqs6zj-033525175dd3ff91e19c05408c8735f5\">\n#top .flex_column.av-oqs6zj-033525175dd3ff91e19c05408c8735f5{\nmargin-top:-250px;\nmargin-bottom:0px;\n}\n.flex_column.av-oqs6zj-033525175dd3ff91e19c05408c8735f5{\nborder-radius:5px 5px 5px 5px;\n-webkit-border-radius:5px 5px 5px 5px;\n-moz-border-radius:5px 5px 5px 5px;\npadding:40px 0 25px 0;\nbackground-color:#ffffff;\n}\n.responsive #top #wrap_all .flex_column.av-oqs6zj-033525175dd3ff91e19c05408c8735f5{\nmargin-top:-250px;\nmargin-bottom:0px;\n}\n<\/style>\n<div class='flex_column av-oqs6zj-033525175dd3ff91e19c05408c8735f5 av_one_full  avia-builder-el-2  el_before_av_textblock  avia-builder-el-first  first flex_column_div '   ><br \/>\n\n<style type=\"text\/css\" data-created_by=\"avia_inline_auto\" id=\"style-css-av-kyk6966d-85be83449475bfa5b2ec47763a6dda9a\">\n#top .av-special-heading.av-kyk6966d-85be83449475bfa5b2ec47763a6dda9a{\npadding-bottom:10px;\n}\n<\/style>\n<div  class='av-special-heading av-kyk6966d-85be83449475bfa5b2ec47763a6dda9a av-special-heading-h3 blockquote elegant-quote elegant-centered '><h3 class='av-special-heading-tag '  itemprop=\"headline\"  ><span class=\"heading-wrap\">NOTRE REVENDEUR AGR\u00c9\u00c9 ET R\u00c9SEAU DE SERVICE<\/span><\/h3><div class='special-heading-border'><div class='special-heading-inner-border'><\/div><\/div><\/div><br \/>\n<\/p><\/div>\n<style type=\"text\/css\" data-created_by=\"avia_inline_auto\" id=\"style-css-av-24r2f3-6a04d5d17d44716b7451d60262deaa5f\">\n.av_textblock_section.av-24r2f3-6a04d5d17d44716b7451d60262deaa5f .avia_textblock{\ncolor:#ffffff;\n}\n<\/style>\n<section  class='av_textblock_section av-24r2f3-6a04d5d17d44716b7451d60262deaa5f '  itemscope=\"itemscope\" itemtype=\"https:\/\/schema.org\/CreativeWork\" ><div class='avia_textblock av_inherit_color '  itemprop=\"text\" ><div class=\"flex_column av_one_full flex_column_div av-zero-column-padding first avia-builder-el-41 el_after_av_section avia-builder-el-no-sibling \">\n<section class=\"av_textblock_section \">\n<div class=\"avia_textblock \">\n<p style=\"text-align: center;\">T\u00fcm Haklar\u0131 Sakl\u0131d\u0131r. \u00a9 ASKON MAK\u0130NA | Localveri <a href=\"https:\/\/localveri.com.tr\/mobil-uyumlu-kurumsal-web-tasarim\/\" target=\"_blank\" rel=\"noopener noreferrer\">\u0130zmir Web Tasar\u0131m<\/a><\/p>\n<\/div>\n<\/section>\n<\/div>\n<\/div><\/section>\n\n","protected":false},"excerpt":{"rendered":"","protected":false},"author":1,"featured_media":0,"parent":0,"menu_order":0,"comment_status":"closed","ping_status":"closed","template":"","meta":{"footnotes":""},"class_list":["post-3663","page","type-page","status-publish","hentry"],"_links":{"self":[{"href":"https:\/\/askonmakina.com.tr\/fr\/wp-json\/wp\/v2\/pages\/3663","targetHints":{"allow":["GET"]}}],"collection":[{"href":"https:\/\/askonmakina.com.tr\/fr\/wp-json\/wp\/v2\/pages"}],"about":[{"href":"https:\/\/askonmakina.com.tr\/fr\/wp-json\/wp\/v2\/types\/page"}],"author":[{"embeddable":true,"href":"https:\/\/askonmakina.com.tr\/fr\/wp-json\/wp\/v2\/users\/1"}],"replies":[{"embeddable":true,"href":"https:\/\/askonmakina.com.tr\/fr\/wp-json\/wp\/v2\/comments?post=3663"}],"version-history":[{"count":32,"href":"https:\/\/askonmakina.com.tr\/fr\/wp-json\/wp\/v2\/pages\/3663\/revisions"}],"predecessor-version":[{"id":4524,"href":"https:\/\/askonmakina.com.tr\/fr\/wp-json\/wp\/v2\/pages\/3663\/revisions\/4524"}],"wp:attachment":[{"href":"https:\/\/askonmakina.com.tr\/fr\/wp-json\/wp\/v2\/media?parent=3663"}],"curies":[{"name":"wp","href":"https:\/\/api.w.org\/{rel}","templated":true}]}}