{"id":3744,"date":"2022-01-18T17:33:10","date_gmt":"2022-01-18T14:33:10","guid":{"rendered":"https:\/\/localveri.net\/askon\/?page_id=3744"},"modified":"2024-01-31T14:59:17","modified_gmt":"2024-01-31T11:59:17","slug":"groupe-de-machines-a-vetements","status":"publish","type":"page","link":"https:\/\/askonmakina.com.tr\/fr\/groupe-de-machines-a-vetements\/","title":{"rendered":"GROUPE DE MACHINES \u00c0 V\u00caTEMENTS"},"content":{"rendered":"<div id='av_section_1'  class='avia-section av-4bw07k-74517723865e7676fdf5e462bc3db91b main_color avia-section-default avia-no-border-styling  avia-builder-el-0  avia-builder-el-no-sibling  avia-bg-style-scroll  container_wrap fullsize'  ><div class='container av-section-cont-open' ><main  role=\"main\" itemprop=\"mainContentOfPage\"  class='template-page content  av-content-full alpha units'><div class='post-entry post-entry-type-page post-entry-3744'><div class='entry-content-wrapper clearfix'>\n<div class='flex_column av-2alrcw-ae20e47a8a220dd52ba2a59bc7fe83c9 av_one_full  avia-builder-el-1  avia-builder-el-no-sibling  first flex_column_div '   ><p>\n<style type=\"text\/css\" data-created_by=\"avia_inline_auto\" id=\"style-css-av-kyl8txe5-9b2fc10189a960e4deba572f99d64c6d\">\n#top .av-special-heading.av-kyl8txe5-9b2fc10189a960e4deba572f99d64c6d{\npadding-bottom:10px;\n}\n.av-special-heading.av-kyl8txe5-9b2fc10189a960e4deba572f99d64c6d .av-special-heading-tag{\npadding:18px 0 0 0;\n}\n<\/style>\n<div  class='av-special-heading av-kyl8txe5-9b2fc10189a960e4deba572f99d64c6d av-special-heading-h2 blockquote elegant-quote elegant-centered  avia-builder-el-2  el_before_av_portfolio  avia-builder-el-no-sibling  '><h2 class='av-special-heading-tag '  itemprop=\"headline\"  ><span class=\"heading-wrap\"><span class=\"bt_bb_headline_superheadline\">GROUPE DE MACHINES \u00c0 V\u00caTEMENTS<\/span><\/h2><div class='special-heading-border'><div class='special-heading-inner-border'><\/div><\/div><\/div><\/span><\/p>\n<div  id=\"av-sc-portfolio-1\"  class=\"av-portfolio-grid-sorting-container\"><div class='sort_width_container  av-sort-yes' data-portfolio-id='1' ><div id='js_sort_items' ><div class='sort_by_cat hidden'><a href=\"#\" data-filter=\"all_sort\" class=\"all_sort_button active_sort\"><span class=\"inner_sort_button\"><span>T\u00fcm\u00fc<\/span><small class=\"av-cat-count\"> 1 <\/small><\/span><\/a><span class='text-sep konfeksiyon-makinalari-grubu_sort_sep'>\/<\/span><a href=\"#\" data-filter=\"konfeksiyon-makinalari-grubu_sort\" class=\"konfeksiyon-makinalari-grubu_sort_button\" ><span class=\"inner_sort_button\"><span>Konfeksiyon Makinalar\u0131 Grubu<\/span><small class='av-cat-count'> 1 <\/small><\/span><\/a><\/div><\/div><\/div><div  class=' grid-sort-container isotope   no_margin-container with-title-container grid-total-odd grid-col-4 grid-links-' data-portfolio-id='1'><div data-ajax-id='3780' class=' grid-entry flex_column isotope-item all_sort no_margin post-entry post-entry-3780 grid-entry-overview grid-loop-1 grid-parity-odd  post-entry-last  konfeksiyon-makinalari-grubu_sort  av_one_fourth first default_av_fullwidth '><article class='main_color inner-entry'  itemscope=\"itemscope\" itemtype=\"https:\/\/schema.org\/CreativeWork\" ><a href=\"https:\/\/askonmakina.com.tr\/fr\/portfolio-item\/machines-a-etaler-les-tissus\/\" title='MACHINES \u00c0 \u00c9TALER LES TISSUS'  data-rel='grid-1' class='grid-image avia-hover-fx'> <img decoding=\"async\" width=\"705\" height=\"705\" src=\"https:\/\/askonmakina.com.tr\/fr\/wp-content\/uploads\/2022\/01\/telapresi-705x705.jpg\" class=\"wp-image-3781 avia-img-lazy-loading-not-3781 attachment-masonry size-masonry wp-post-image\" alt=\"\" srcset=\"https:\/\/askonmakina.com.tr\/fr\/wp-content\/uploads\/2022\/01\/telapresi-705x705.jpg 705w, https:\/\/askonmakina.com.tr\/fr\/wp-content\/uploads\/2022\/01\/telapresi-300x300.jpg 300w, https:\/\/askonmakina.com.tr\/fr\/wp-content\/uploads\/2022\/01\/telapresi-80x80.jpg 80w, https:\/\/askonmakina.com.tr\/fr\/wp-content\/uploads\/2022\/01\/telapresi-768x768.jpg 768w, https:\/\/askonmakina.com.tr\/fr\/wp-content\/uploads\/2022\/01\/telapresi-36x36.jpg 36w, https:\/\/askonmakina.com.tr\/fr\/wp-content\/uploads\/2022\/01\/telapresi-180x180.jpg 180w, https:\/\/askonmakina.com.tr\/fr\/wp-content\/uploads\/2022\/01\/telapresi.jpg 800w\" sizes=\"(max-width: 705px) 100vw, 705px\" \/><\/a><div class='grid-content'><div class='avia-arrow'><\/div><header class=\"entry-content-header\"><h3 class='grid-entry-title entry-title '  itemprop=\"headline\" ><a href='https:\/\/askonmakina.com.tr\/fr\/portfolio-item\/machines-a-etaler-les-tissus\/' title='MACHINES \u00c0 \u00c9TALER LES TISSUS'>MACHINES \u00c0 \u00c9TALER LES TISSUS<\/a><\/h3><\/header><\/div><footer class=\"entry-footer\"><\/footer><\/article><\/div><\/div><\/div>   <!--   class=\"av-portfolio-grid-sorting-container\"  --><\/div>\n","protected":false},"excerpt":{"rendered":"","protected":false},"author":1,"featured_media":0,"parent":0,"menu_order":0,"comment_status":"closed","ping_status":"closed","template":"","meta":{"footnotes":""},"class_list":["post-3744","page","type-page","status-publish","hentry"],"_links":{"self":[{"href":"https:\/\/askonmakina.com.tr\/fr\/wp-json\/wp\/v2\/pages\/3744","targetHints":{"allow":["GET"]}}],"collection":[{"href":"https:\/\/askonmakina.com.tr\/fr\/wp-json\/wp\/v2\/pages"}],"about":[{"href":"https:\/\/askonmakina.com.tr\/fr\/wp-json\/wp\/v2\/types\/page"}],"author":[{"embeddable":true,"href":"https:\/\/askonmakina.com.tr\/fr\/wp-json\/wp\/v2\/users\/1"}],"replies":[{"embeddable":true,"href":"https:\/\/askonmakina.com.tr\/fr\/wp-json\/wp\/v2\/comments?post=3744"}],"version-history":[{"count":4,"href":"https:\/\/askonmakina.com.tr\/fr\/wp-json\/wp\/v2\/pages\/3744\/revisions"}],"predecessor-version":[{"id":4581,"href":"https:\/\/askonmakina.com.tr\/fr\/wp-json\/wp\/v2\/pages\/3744\/revisions\/4581"}],"wp:attachment":[{"href":"https:\/\/askonmakina.com.tr\/fr\/wp-json\/wp\/v2\/media?parent=3744"}],"curies":[{"name":"wp","href":"https:\/\/api.w.org\/{rel}","templated":true}]}}