{"id":3669,"date":"2021-12-10T08:58:37","date_gmt":"2021-12-10T05:58:37","guid":{"rendered":"http:\/\/askonmakina.com.tr\/?page_id=3669"},"modified":"2023-09-24T16:09:46","modified_gmt":"2023-09-24T13:09:46","slug":"%d0%b2%d0%b8%d0%b4%d0%b5%d0%be","status":"publish","type":"page","link":"https:\/\/askonmakina.com.tr\/ru\/%d0%b2%d0%b8%d0%b4%d0%b5%d0%be\/","title":{"rendered":"\u0412\u0438\u0434\u0435\u043e"},"content":{"rendered":"<div id='av_section_1'  class='avia-section av-84tpad-884e62224038f9a4072ca1321a39db2b main_color avia-section-default avia-no-border-styling  avia-builder-el-0  avia-builder-el-no-sibling  avia-bg-style-scroll  container_wrap fullsize'  ><div class='container av-section-cont-open' ><main  role=\"main\" itemprop=\"mainContentOfPage\"  class='template-page content  av-content-full alpha units'><div class='post-entry post-entry-type-page post-entry-3669'><div class='entry-content-wrapper clearfix'>\n\n<style type=\"text\/css\" data-created_by=\"avia_inline_auto\" id=\"style-css-av-6jm5rp-70fb7929242e2c69a8eb7b33e69ff55d\">\n.flex_column.av-6jm5rp-70fb7929242e2c69a8eb7b33e69ff55d{\nwidth:32%;\n}\n<\/style>\n<div class='flex_column av-6jm5rp-70fb7929242e2c69a8eb7b33e69ff55d av_one_third  avia-builder-el-1  el_before_av_one_third  avia-builder-el-first  first flex_column_div '   ><div  class='avia-video av-kwzzans4-fc798949bd337b621830605b1b0bed90 avia-video-16-9 av-lazyload-immediate av-lazyload-video-embed '  itemprop=\"video\" itemtype=\"https:\/\/schema.org\/VideoObject\"  data-original_url='https:\/\/www.youtube.com\/watch?v=IoUyHslrj40'><script type='text\/html' class='av-video-tmpl'><div class='avia-iframe-wrap'><iframe loading=\"lazy\" title=\"\u015fapka bask\u0131 makinas\u0131\" width=\"1333\" height=\"1000\" src=\"https:\/\/www.youtube.com\/embed\/IoUyHslrj40?feature=oembed&autoplay=0&loop=0&controls=1&mute=0\" frameborder=\"0\" allow=\"accelerometer; autoplay; clipboard-write; encrypted-media; gyroscope; picture-in-picture\" allowfullscreen><\/iframe><\/div><\/script><div class='av-click-to-play-overlay'><div class=\"avia_playpause_icon\"><\/div><\/div><\/div><\/div>\n<style type=\"text\/css\" data-created_by=\"avia_inline_auto\" id=\"style-css-av-972l6t-612b26cc7ee7751737ce7fa43ce864c7\">\n.flex_column.av-972l6t-612b26cc7ee7751737ce7fa43ce864c7{\nwidth:32%;\nmargin-left:2%;\n}\n<\/style>\n<div class='flex_column av-972l6t-612b26cc7ee7751737ce7fa43ce864c7 av_one_third  avia-builder-el-3  el_after_av_one_third  el_before_av_one_third  flex_column_div '   ><div  class='avia-video av-kwzzb0vf-dc1a1f9ebae77be099b48df468779bab avia-video-16-9 av-lazyload-immediate av-lazyload-video-embed '  itemprop=\"video\" itemtype=\"https:\/\/schema.org\/VideoObject\"  data-original_url='https:\/\/www.youtube.com\/watch?v=uTBVNThdoPw'><script type='text\/html' class='av-video-tmpl'><div class='avia-iframe-wrap'><iframe loading=\"lazy\" title=\"transfer bask\u0131 presi\" width=\"1333\" height=\"1000\" src=\"https:\/\/www.youtube.com\/embed\/uTBVNThdoPw?feature=oembed&autoplay=0&loop=0&controls=1&mute=0\" frameborder=\"0\" allow=\"accelerometer; autoplay; clipboard-write; encrypted-media; gyroscope; picture-in-picture\" allowfullscreen><\/iframe><\/div><\/script><div class='av-click-to-play-overlay'><div class=\"avia_playpause_icon\"><\/div><\/div><\/div><\/div>\n<style type=\"text\/css\" data-created_by=\"avia_inline_auto\" id=\"style-css-av-q27z9-4132aec7c439f22942ad0eaacc303a2f\">\n.flex_column.av-q27z9-4132aec7c439f22942ad0eaacc303a2f{\nwidth:32%;\nmargin-left:2%;\n}\n<\/style>\n<div class='flex_column av-q27z9-4132aec7c439f22942ad0eaacc303a2f av_one_third  avia-builder-el-5  el_after_av_one_third  el_before_av_one_third  flex_column_div '   ><div  class='avia-video av-kwzzb8ze-465a4bf4acf83273f02925c5f99e0088 avia-video-16-9 av-lazyload-immediate av-lazyload-video-embed '  itemprop=\"video\" itemtype=\"https:\/\/schema.org\/VideoObject\"  data-original_url='https:\/\/www.youtube.com\/watch?v=W6utM654-24'><script type='text\/html' class='av-video-tmpl'><div class='avia-iframe-wrap'><iframe loading=\"lazy\" title=\"ASCONMAC-Buton Rozet Makinas\u0131\" width=\"1333\" height=\"1000\" src=\"https:\/\/www.youtube.com\/embed\/W6utM654-24?feature=oembed&autoplay=0&loop=0&controls=1&mute=0\" frameborder=\"0\" allow=\"accelerometer; autoplay; clipboard-write; encrypted-media; gyroscope; picture-in-picture\" allowfullscreen><\/iframe><\/div><\/script><div class='av-click-to-play-overlay'><div class=\"avia_playpause_icon\"><\/div><\/div><\/div><\/div>\n<style type=\"text\/css\" data-created_by=\"avia_inline_auto\" id=\"style-css-av-5peu91-8e376ecadb91b5883e94e9c1de4a202f\">\n.flex_column.av-5peu91-8e376ecadb91b5883e94e9c1de4a202f{\nwidth:32%;\n}\n<\/style>\n<div class='flex_column av-5peu91-8e376ecadb91b5883e94e9c1de4a202f av_one_third  avia-builder-el-7  el_after_av_one_third  el_before_av_one_third  first flex_column_div column-top-margin'   ><div  class='avia-video av-kwzzbgya-2e5b46b1eee644a98450d08bdd9d4828 avia-video-16-9 av-lazyload-immediate av-lazyload-video-embed '  itemprop=\"video\" itemtype=\"https:\/\/schema.org\/VideoObject\"  data-original_url='https:\/\/www.youtube.com\/watch?v=g517gM_JFUU'><script type='text\/html' class='av-video-tmpl'><div class='avia-iframe-wrap'><iframe loading=\"lazy\" title=\"ASCONMAC-manuel \u015fapka presi\" width=\"1333\" height=\"1000\" src=\"https:\/\/www.youtube.com\/embed\/g517gM_JFUU?feature=oembed&autoplay=0&loop=0&controls=1&mute=0\" frameborder=\"0\" allow=\"accelerometer; autoplay; clipboard-write; encrypted-media; gyroscope; picture-in-picture\" allowfullscreen><\/iframe><\/div><\/script><div class='av-click-to-play-overlay'><div class=\"avia_playpause_icon\"><\/div><\/div><\/div><\/div>\n<style type=\"text\/css\" data-created_by=\"avia_inline_auto\" id=\"style-css-av-4edlgl-93c7462c5f742eeb829b1df3472a3627\">\n.flex_column.av-4edlgl-93c7462c5f742eeb829b1df3472a3627{\nwidth:32%;\nmargin-left:2%;\n}\n<\/style>\n<div class='flex_column av-4edlgl-93c7462c5f742eeb829b1df3472a3627 av_one_third  avia-builder-el-9  el_after_av_one_third  el_before_av_one_third  flex_column_div column-top-margin'   ><div  class='avia-video av-kwzzbo21-7e4b13240844c477f23e99296e7b520e avia-video-16-9 av-lazyload-immediate av-lazyload-video-embed '  itemprop=\"video\" itemtype=\"https:\/\/schema.org\/VideoObject\"  data-original_url='https:\/\/www.youtube.com\/watch?v=4GOXEr2sPJk'><script type='text\/html' class='av-video-tmpl'><div class='avia-iframe-wrap'><iframe loading=\"lazy\" title=\"ASCONMAC-manuel transfer bask\u0131 presi\" width=\"1333\" height=\"1000\" src=\"https:\/\/www.youtube.com\/embed\/4GOXEr2sPJk?feature=oembed&autoplay=0&loop=0&controls=1&mute=0\" frameborder=\"0\" allow=\"accelerometer; autoplay; clipboard-write; encrypted-media; gyroscope; picture-in-picture\" allowfullscreen><\/iframe><\/div><\/script><div class='av-click-to-play-overlay'><div class=\"avia_playpause_icon\"><\/div><\/div><\/div><\/div>\n<style type=\"text\/css\" data-created_by=\"avia_inline_auto\" id=\"style-css-av-9e31h-8e78fc539c9c16ca427c52756ccd76d0\">\n.flex_column.av-9e31h-8e78fc539c9c16ca427c52756ccd76d0{\nwidth:32%;\nmargin-left:2%;\n}\n<\/style>\n<div class='flex_column av-9e31h-8e78fc539c9c16ca427c52756ccd76d0 av_one_third  avia-builder-el-11  el_after_av_one_third  avia-builder-el-last  flex_column_div column-top-margin'   ><div  class='avia-video av-kwzzbuoq-dc05c581220fb5a312b163299e7451dd avia-video-16-9 av-lazyload-immediate av-lazyload-video-embed '  itemprop=\"video\" itemtype=\"https:\/\/schema.org\/VideoObject\"  data-original_url='https:\/\/www.youtube.com\/watch?v=iu6Z4uUtu6Y'><script type='text\/html' class='av-video-tmpl'><div class='avia-iframe-wrap'><iframe loading=\"lazy\" title=\"ASCONMAC-otomatik serigrafi bask\u0131,screen print machine,\" width=\"1333\" height=\"1000\" src=\"https:\/\/www.youtube.com\/embed\/iu6Z4uUtu6Y?feature=oembed&autoplay=0&loop=0&controls=1&mute=0\" frameborder=\"0\" allow=\"accelerometer; autoplay; clipboard-write; encrypted-media; gyroscope; picture-in-picture\" allowfullscreen><\/iframe><\/div><\/script><div class='av-click-to-play-overlay'><div class=\"avia_playpause_icon\"><\/div><\/div><\/div><\/div>\n","protected":false},"excerpt":{"rendered":"","protected":false},"author":1,"featured_media":0,"parent":0,"menu_order":0,"comment_status":"closed","ping_status":"closed","template":"","meta":{"footnotes":""},"class_list":["post-3669","page","type-page","status-publish","hentry"],"_links":{"self":[{"href":"https:\/\/askonmakina.com.tr\/ru\/wp-json\/wp\/v2\/pages\/3669","targetHints":{"allow":["GET"]}}],"collection":[{"href":"https:\/\/askonmakina.com.tr\/ru\/wp-json\/wp\/v2\/pages"}],"about":[{"href":"https:\/\/askonmakina.com.tr\/ru\/wp-json\/wp\/v2\/types\/page"}],"author":[{"embeddable":true,"href":"https:\/\/askonmakina.com.tr\/ru\/wp-json\/wp\/v2\/users\/1"}],"replies":[{"embeddable":true,"href":"https:\/\/askonmakina.com.tr\/ru\/wp-json\/wp\/v2\/comments?post=3669"}],"version-history":[{"count":10,"href":"https:\/\/askonmakina.com.tr\/ru\/wp-json\/wp\/v2\/pages\/3669\/revisions"}],"predecessor-version":[{"id":4495,"href":"https:\/\/askonmakina.com.tr\/ru\/wp-json\/wp\/v2\/pages\/3669\/revisions\/4495"}],"wp:attachment":[{"href":"https:\/\/askonmakina.com.tr\/ru\/wp-json\/wp\/v2\/media?parent=3669"}],"curies":[{"name":"wp","href":"https:\/\/api.w.org\/{rel}","templated":true}]}}