{"id":3709,"date":"2022-01-17T15:41:25","date_gmt":"2022-01-17T12:41:25","guid":{"rendered":"https:\/\/localveri.net\/askon\/?page_id=3709"},"modified":"2023-09-24T16:10:01","modified_gmt":"2023-09-24T13:10:01","slug":"%d0%b7%d0%b0%d0%bf%d1%87%d0%b0%d1%81%d1%82%d0%b8","status":"publish","type":"page","link":"https:\/\/askonmakina.com.tr\/ru\/%d0%b7%d0%b0%d0%bf%d1%87%d0%b0%d1%81%d1%82%d0%b8\/","title":{"rendered":"\u0417\u0430\u043f\u0447\u0430\u0441\u0442\u0438"},"content":{"rendered":"<div id='av_section_1'  class='avia-section av-296j71-ba2516602faa96b53f08b4020f3ae3dd main_color avia-section-default avia-no-border-styling  avia-builder-el-0  avia-builder-el-no-sibling  avia-bg-style-scroll  container_wrap fullsize'  ><div class='container av-section-cont-open' ><main  role=\"main\" itemprop=\"mainContentOfPage\"  class='template-page content  av-content-full alpha units'><div class='post-entry post-entry-type-page post-entry-3709'><div class='entry-content-wrapper clearfix'>\n\n<style type=\"text\/css\" data-created_by=\"avia_inline_auto\" id=\"style-css-av-kyo2y9ll-cfa65dce34d659109aa626a413fd68bb\">\n#top .avia-gallery.av-kyo2y9ll-cfa65dce34d659109aa626a413fd68bb .avia-gallery-thumb a{\nwidth:16.6667%;\n}\n<\/style>\n<div  class='avia-gallery av-kyo2y9ll-cfa65dce34d659109aa626a413fd68bb avia_animate_when_visible  avia-builder-el-1  avia-builder-el-no-sibling  avia_lazyload avia-gallery-animate  avia-gallery-1'  itemprop=\"image\" itemscope=\"itemscope\" itemtype=\"https:\/\/schema.org\/ImageObject\" ><div class='avia-gallery-thumb'> <a href=\"https:\/\/askonmakina.com.tr\/ru\/wp-content\/uploads\/2022\/01\/yedekpar8.jpg\" data-srcset=\"https:\/\/askonmakina.com.tr\/ru\/wp-content\/uploads\/2022\/01\/yedekpar8.jpg 500w, https:\/\/askonmakina.com.tr\/ru\/wp-content\/uploads\/2022\/01\/yedekpar8-300x300.jpg 300w, https:\/\/askonmakina.com.tr\/ru\/wp-content\/uploads\/2022\/01\/yedekpar8-80x80.jpg 80w, https:\/\/askonmakina.com.tr\/ru\/wp-content\/uploads\/2022\/01\/yedekpar8-36x36.jpg 36w, https:\/\/askonmakina.com.tr\/ru\/wp-content\/uploads\/2022\/01\/yedekpar8-180x180.jpg 180w\" data-sizes=\"(max-width: 500px) 100vw, 500px\" data-rel='gallery-1' data-prev-img='https:\/\/askonmakina.com.tr\/ru\/wp-content\/uploads\/2022\/01\/yedekpar8-495x400.jpg' class='first_thumb lightbox ' data-onclick='1' title='Valf'  itemprop=\"thumbnailUrl\"  ><img decoding=\"async\" class=\"wp-image-3864 avia-img-lazy-loading-not-3864\"  data-avia-tooltip='Valf' src=\"https:\/\/askonmakina.com.tr\/ru\/wp-content\/uploads\/2022\/01\/yedekpar8-495x400.jpg\" width=\"495\" height=\"400\"  title='yedekpar8' alt='' \/><\/a> <a href=\"https:\/\/askonmakina.com.tr\/ru\/wp-content\/uploads\/2022\/01\/yedekpar7.jpg\" data-srcset=\"https:\/\/askonmakina.com.tr\/ru\/wp-content\/uploads\/2022\/01\/yedekpar7.jpg 500w, https:\/\/askonmakina.com.tr\/ru\/wp-content\/uploads\/2022\/01\/yedekpar7-300x300.jpg 300w, https:\/\/askonmakina.com.tr\/ru\/wp-content\/uploads\/2022\/01\/yedekpar7-80x80.jpg 80w, https:\/\/askonmakina.com.tr\/ru\/wp-content\/uploads\/2022\/01\/yedekpar7-36x36.jpg 36w, https:\/\/askonmakina.com.tr\/ru\/wp-content\/uploads\/2022\/01\/yedekpar7-180x180.jpg 180w\" data-sizes=\"(max-width: 500px) 100vw, 500px\" data-rel='gallery-1' data-prev-img='https:\/\/askonmakina.com.tr\/ru\/wp-content\/uploads\/2022\/01\/yedekpar7-495x400.jpg' class='lightbox ' data-onclick='2' title='Hava Giri\u015f \u015eartland\u0131r\u0131c\u0131s\u0131'  itemprop=\"thumbnailUrl\"  ><img decoding=\"async\" class=\"wp-image-3863 avia-img-lazy-loading-not-3863\"  data-avia-tooltip='Hava Giri\u015f \u015eartland\u0131r\u0131c\u0131s\u0131' src=\"https:\/\/askonmakina.com.tr\/ru\/wp-content\/uploads\/2022\/01\/yedekpar7-495x400.jpg\" width=\"495\" height=\"400\"  title='yedekpar7' alt='' \/><\/a> <a href=\"https:\/\/askonmakina.com.tr\/ru\/wp-content\/uploads\/2022\/01\/yedekpar6.jpg\" data-srcset=\"https:\/\/askonmakina.com.tr\/ru\/wp-content\/uploads\/2022\/01\/yedekpar6.jpg 500w, https:\/\/askonmakina.com.tr\/ru\/wp-content\/uploads\/2022\/01\/yedekpar6-300x300.jpg 300w, https:\/\/askonmakina.com.tr\/ru\/wp-content\/uploads\/2022\/01\/yedekpar6-80x80.jpg 80w, https:\/\/askonmakina.com.tr\/ru\/wp-content\/uploads\/2022\/01\/yedekpar6-36x36.jpg 36w, https:\/\/askonmakina.com.tr\/ru\/wp-content\/uploads\/2022\/01\/yedekpar6-180x180.jpg 180w\" data-sizes=\"(max-width: 500px) 100vw, 500px\" data-rel='gallery-1' data-prev-img='https:\/\/askonmakina.com.tr\/ru\/wp-content\/uploads\/2022\/01\/yedekpar6-495x400.jpg' class='lightbox ' data-onclick='3' title='Pn\u00f6matik Silindir'  itemprop=\"thumbnailUrl\"  ><img decoding=\"async\" class=\"wp-image-3862 avia-img-lazy-loading-not-3862\"  data-avia-tooltip='Pn\u00f6matik Silindir' src=\"https:\/\/askonmakina.com.tr\/ru\/wp-content\/uploads\/2022\/01\/yedekpar6-495x400.jpg\" width=\"495\" height=\"400\"  title='yedekpar6' alt='' \/><\/a> <a href=\"https:\/\/askonmakina.com.tr\/ru\/wp-content\/uploads\/2022\/01\/yedekpar5.jpg\" data-srcset=\"https:\/\/askonmakina.com.tr\/ru\/wp-content\/uploads\/2022\/01\/yedekpar5.jpg 600w, https:\/\/askonmakina.com.tr\/ru\/wp-content\/uploads\/2022\/01\/yedekpar5-300x300.jpg 300w, https:\/\/askonmakina.com.tr\/ru\/wp-content\/uploads\/2022\/01\/yedekpar5-80x80.jpg 80w, https:\/\/askonmakina.com.tr\/ru\/wp-content\/uploads\/2022\/01\/yedekpar5-36x36.jpg 36w, https:\/\/askonmakina.com.tr\/ru\/wp-content\/uploads\/2022\/01\/yedekpar5-180x180.jpg 180w\" data-sizes=\"(max-width: 600px) 100vw, 600px\" data-rel='gallery-1' data-prev-img='https:\/\/askonmakina.com.tr\/ru\/wp-content\/uploads\/2022\/01\/yedekpar5-495x400.jpg' class='lightbox ' data-onclick='4' title='Plaka Rezistans'  itemprop=\"thumbnailUrl\"  ><img decoding=\"async\" class=\"wp-image-3861 avia-img-lazy-loading-not-3861\"  data-avia-tooltip='Plaka Rezistans' src=\"https:\/\/askonmakina.com.tr\/ru\/wp-content\/uploads\/2022\/01\/yedekpar5-495x400.jpg\" width=\"495\" height=\"400\"  title='yedekpar5' alt='' \/><\/a> <a href=\"https:\/\/askonmakina.com.tr\/ru\/wp-content\/uploads\/2022\/01\/yedekpar4.jpg\" data-srcset=\"https:\/\/askonmakina.com.tr\/ru\/wp-content\/uploads\/2022\/01\/yedekpar4.jpg 500w, https:\/\/askonmakina.com.tr\/ru\/wp-content\/uploads\/2022\/01\/yedekpar4-300x300.jpg 300w, https:\/\/askonmakina.com.tr\/ru\/wp-content\/uploads\/2022\/01\/yedekpar4-80x80.jpg 80w, https:\/\/askonmakina.com.tr\/ru\/wp-content\/uploads\/2022\/01\/yedekpar4-36x36.jpg 36w, https:\/\/askonmakina.com.tr\/ru\/wp-content\/uploads\/2022\/01\/yedekpar4-180x180.jpg 180w\" data-sizes=\"(max-width: 500px) 100vw, 500px\" data-rel='gallery-1' data-prev-img='https:\/\/askonmakina.com.tr\/ru\/wp-content\/uploads\/2022\/01\/yedekpar4-495x400.jpg' class='lightbox ' data-onclick='5' title='Transfer Bask\u0131 S\u00fcngeri'  itemprop=\"thumbnailUrl\"  ><img decoding=\"async\" class=\"wp-image-3860 avia-img-lazy-loading-not-3860\"  data-avia-tooltip='Transfer Bask\u0131 S\u00fcngeri' src=\"https:\/\/askonmakina.com.tr\/ru\/wp-content\/uploads\/2022\/01\/yedekpar4-495x400.jpg\" width=\"495\" height=\"400\"  title='yedekpar4' alt='' \/><\/a> <a href=\"https:\/\/askonmakina.com.tr\/ru\/wp-content\/uploads\/2022\/01\/yedekpar3.jpg\" data-srcset=\"https:\/\/askonmakina.com.tr\/ru\/wp-content\/uploads\/2022\/01\/yedekpar3.jpg 600w, https:\/\/askonmakina.com.tr\/ru\/wp-content\/uploads\/2022\/01\/yedekpar3-300x300.jpg 300w, https:\/\/askonmakina.com.tr\/ru\/wp-content\/uploads\/2022\/01\/yedekpar3-80x80.jpg 80w, https:\/\/askonmakina.com.tr\/ru\/wp-content\/uploads\/2022\/01\/yedekpar3-36x36.jpg 36w, https:\/\/askonmakina.com.tr\/ru\/wp-content\/uploads\/2022\/01\/yedekpar3-180x180.jpg 180w\" data-sizes=\"(max-width: 600px) 100vw, 600px\" data-rel='gallery-1' data-prev-img='https:\/\/askonmakina.com.tr\/ru\/wp-content\/uploads\/2022\/01\/yedekpar3-495x400.jpg' class='lightbox ' data-onclick='6' title='Termokupl'  itemprop=\"thumbnailUrl\"  ><img decoding=\"async\" class=\"wp-image-3859 avia-img-lazy-loading-not-3859\"  data-avia-tooltip='Termokupl' src=\"https:\/\/askonmakina.com.tr\/ru\/wp-content\/uploads\/2022\/01\/yedekpar3-495x400.jpg\" width=\"495\" height=\"400\"  title='yedekpar3' alt='' \/><\/a> <a href=\"https:\/\/askonmakina.com.tr\/ru\/wp-content\/uploads\/2022\/01\/yedekpar2.jpg\" data-srcset=\"https:\/\/askonmakina.com.tr\/ru\/wp-content\/uploads\/2022\/01\/yedekpar2.jpg 600w, https:\/\/askonmakina.com.tr\/ru\/wp-content\/uploads\/2022\/01\/yedekpar2-300x300.jpg 300w, https:\/\/askonmakina.com.tr\/ru\/wp-content\/uploads\/2022\/01\/yedekpar2-80x80.jpg 80w, https:\/\/askonmakina.com.tr\/ru\/wp-content\/uploads\/2022\/01\/yedekpar2-36x36.jpg 36w, https:\/\/askonmakina.com.tr\/ru\/wp-content\/uploads\/2022\/01\/yedekpar2-180x180.jpg 180w\" data-sizes=\"(max-width: 600px) 100vw, 600px\" data-rel='gallery-1' data-prev-img='https:\/\/askonmakina.com.tr\/ru\/wp-content\/uploads\/2022\/01\/yedekpar2-495x400.jpg' class='first_thumb lightbox ' data-onclick='7' title='Bas\u0131n\u00e7 Ayar Reg\u00fclat\u00f6r\u00fc'  itemprop=\"thumbnailUrl\"  ><img decoding=\"async\" class=\"wp-image-3858 avia-img-lazy-loading-not-3858\"  data-avia-tooltip='Bas\u0131n\u00e7 Ayar Reg\u00fclat\u00f6r\u00fc' src=\"https:\/\/askonmakina.com.tr\/ru\/wp-content\/uploads\/2022\/01\/yedekpar2-495x400.jpg\" width=\"495\" height=\"400\"  title='yedekpar2' alt='' \/><\/a> <a href=\"https:\/\/askonmakina.com.tr\/ru\/wp-content\/uploads\/2022\/01\/yedekpar11.jpg\" data-srcset=\"https:\/\/askonmakina.com.tr\/ru\/wp-content\/uploads\/2022\/01\/yedekpar11.jpg 600w, https:\/\/askonmakina.com.tr\/ru\/wp-content\/uploads\/2022\/01\/yedekpar11-300x300.jpg 300w, https:\/\/askonmakina.com.tr\/ru\/wp-content\/uploads\/2022\/01\/yedekpar11-80x80.jpg 80w, https:\/\/askonmakina.com.tr\/ru\/wp-content\/uploads\/2022\/01\/yedekpar11-36x36.jpg 36w, https:\/\/askonmakina.com.tr\/ru\/wp-content\/uploads\/2022\/01\/yedekpar11-180x180.jpg 180w\" data-sizes=\"(max-width: 600px) 100vw, 600px\" data-rel='gallery-1' data-prev-img='https:\/\/askonmakina.com.tr\/ru\/wp-content\/uploads\/2022\/01\/yedekpar11-495x400.jpg' class='lightbox ' data-onclick='8' title='Fi\u015fek Rezistans'  itemprop=\"thumbnailUrl\"  ><img decoding=\"async\" class=\"wp-image-3869 avia-img-lazy-loading-not-3869\"  data-avia-tooltip='Fi\u015fek Rezistans' src=\"https:\/\/askonmakina.com.tr\/ru\/wp-content\/uploads\/2022\/01\/yedekpar11-495x400.jpg\" width=\"495\" height=\"400\"  title='yedekpar11' alt='' \/><\/a><\/div><\/div>\n\n","protected":false},"excerpt":{"rendered":"","protected":false},"author":1,"featured_media":0,"parent":0,"menu_order":0,"comment_status":"closed","ping_status":"closed","template":"","meta":{"footnotes":""},"class_list":["post-3709","page","type-page","status-publish","hentry"],"_links":{"self":[{"href":"https:\/\/askonmakina.com.tr\/ru\/wp-json\/wp\/v2\/pages\/3709","targetHints":{"allow":["GET"]}}],"collection":[{"href":"https:\/\/askonmakina.com.tr\/ru\/wp-json\/wp\/v2\/pages"}],"about":[{"href":"https:\/\/askonmakina.com.tr\/ru\/wp-json\/wp\/v2\/types\/page"}],"author":[{"embeddable":true,"href":"https:\/\/askonmakina.com.tr\/ru\/wp-json\/wp\/v2\/users\/1"}],"replies":[{"embeddable":true,"href":"https:\/\/askonmakina.com.tr\/ru\/wp-json\/wp\/v2\/comments?post=3709"}],"version-history":[{"count":11,"href":"https:\/\/askonmakina.com.tr\/ru\/wp-json\/wp\/v2\/pages\/3709\/revisions"}],"predecessor-version":[{"id":4496,"href":"https:\/\/askonmakina.com.tr\/ru\/wp-json\/wp\/v2\/pages\/3709\/revisions\/4496"}],"wp:attachment":[{"href":"https:\/\/askonmakina.com.tr\/ru\/wp-json\/wp\/v2\/media?parent=3709"}],"curies":[{"name":"wp","href":"https:\/\/api.w.org\/{rel}","templated":true}]}}